{"id":658651,"date":"2023-02-28T19:59:39","date_gmt":"2023-02-28T22:59:39","guid":{"rendered":"https:\/\/tu-libreria.com\/wpg\/?product=pinceles-condor-serie-411-no-14-redondo-toray"},"modified":"2026-04-12T18:33:18","modified_gmt":"2026-04-12T21:33:18","slug":"pinceles-condor-serie-411-no-14-redondo-toray","status":"publish","type":"product","link":"https:\/\/tu-libreria.com\/wpg\/?product=pinceles-condor-serie-411-no-14-redondo-toray","title":{"rendered":"Pinceles Condor Serie 411 N\u00ba 14 Redondo Toray"},"content":{"rendered":"<p>Pincel Condor Serie 411 N\u00ba 14 Redondo Toray <\/p>\n<p>En algunas fotos, a modo de ambientaci\u00f3n, se muestran junto al producto ofrecido, otros objetos que no son parte de la provisi\u00f3n que se indica en el t\u00edtulo y en la descripci\u00f3n de la publicaci\u00f3n.<\/p>\n<p>Somos TU-LIBRERIA distribuidores oficiales de las marcas Staedtler, Olfa, Copic, Faber Castell, Pilot, Lamy, Kaweco, Mungyo, Essdee, Derwent, Kuretake, kangaro, Finetec, Platinum, Canson, Fabriano, Giotto, Amsterdam, Ecoline, Royal Talens, Hahnemuller, Conklin, Monteverde, Caran Dache, Lyra, Posca, Uniball, Asb, Giorgione, Rembrandt, Stabilo, Van Gogh, Condor entre otras.<br \/>Nos dedicamos a seleccionar y comercializar productos de librer\u00eda art\u00edstica, comercial y t\u00e9cnica, de las principales marcas a nivel mundial: tanto las m\u00e1s conocidas, como otras que tambi\u00e9n ofrecen productos de muy buena calidad y que pr\u00e1cticamente a\u00fan no fueron descubiertas. <br \/>Se informa que la empresa tambi\u00e9n puede estar comercializando este producto en otra publicaci\u00f3n de Mercado Libre con un precio que puede diferir del informado en esta publicaci\u00f3n, en funci\u00f3n de los distintos costos que se deben afrontar en la cadena de distribuci\u00f3n, seg\u00fan el caso. Seleccionar &#8220;Ver Otros Productos del Vendedor&#8221; en Mercado Libre, para visualizar otras alternativas para comprar el producto.<br \/>PREGUNTAS FRECUENTES:<br \/>\u00bfC\u00f3mo los contacto si tengo alguna duda sobre el producto que compr\u00e9?<br \/>Te ofrecemos una atenci\u00f3n personalizada para resolver tus inquietudes. Podr\u00e1s consultarnos a trav\u00e9s de la mensajer\u00eda de Mercado Libre antes y despu\u00e9s de comprar. Luego de la compra, tambi\u00e9n podr\u00e1s contactarnos de lunes a viernes de 9 a 17hs., usando los datos del embalaje del producto que recibas.<br \/>\u00bfSe realizan Env\u00edos? \u00bfTienen cargo?<br \/>Se realizan env\u00edos a todo el pa\u00eds (no se incluye Tierra del fuego) y utilizamos todas las modalidades de env\u00edo disponibles en Mercado Libre para cada tipo de producto ofrecido, seg\u00fan se muestra en cada publicaci\u00f3n. Mercado Libre siempre te informa durante el proceso de compra (antes de confirmar el pago) la modalidad de env\u00edo ofrecida y si tiene costo o es Gratis para el comprador. El sistema te informar\u00e1 por ejemplo: \u201cllega hoy\u201d, \u201cllega ma\u00f1ana\u201d, \u201cEnv\u00edo gratis\u201d, \u201cacord\u00e1s con el Vendedor\u201d, etc. Por el momento, no ofrecemos la opci\u00f3n de retirar en la tienda del vendedor.<br \/>Cuando visualices la publicaci\u00f3n usando tu usuario de Mercado Libre, te aparecer\u00e1n las formas de env\u00edo o entrega disponibles, para el producto seleccionado y tu categor\u00eda de usuario, de acuerdo con la direcci\u00f3n que cargaste para las entregas al crear tu cuenta. Podr\u00e1s ver tambi\u00e9n si el env\u00edo es gratis, o bien, si se requiere el pago del valor del env\u00edo. <br \/>Para las categor\u00edas de productos en las que Mercado Libre no ofrece Mercado Env\u00edo, se va a visualizar en la publicaci\u00f3n (antes de la compra): env\u00edo \u201cA acordar con el Vendedor\u201d. En estos casos, no realizamos env\u00edos, pero permitimos el retiro en nuestro dep\u00f3sito de CABA.<br \/>\u00bfHacen env\u00edos a contra reembolso? <br \/>No. El env\u00edo de tu compra se concreta una vez acreditado el pago en Mercado Libre. Esta es una condici\u00f3n del ecosistema de Mercado Libre.<br \/>\u00bfPuedo retirar personalmente el pedido? <br \/>Por cuestiones de eficiencia log\u00edstica, no ofrecemos la opci\u00f3n de retirar en la tienda del vendedor. S\u00f3lo hacemos env\u00edos.<br \/>Excepci\u00f3n: hay productos que tienen categor\u00edas para las que Mercado Libre no ofrece Mercado Env\u00edos y la publicaci\u00f3n indica env\u00edo \u201cA acordar con el Vendedor\u201d, en esos casos, ofrecemos retiro en nuestro dep\u00f3sito e informamos la direcci\u00f3n en CABA luego de que se realiza la compra.<br \/>\u00bfQu\u00e9 sucede si quiero comprar un producto de otro color o medidas similares pero que no se ofrecen en la publicaci\u00f3n?<\/p>\n<p>Te pedimos que nos preguntes en la publicaci\u00f3n antes de realizar la compra, para que te indiquemos en qu\u00e9 publicaci\u00f3n podr\u00e1s encontrarlo.<\/p>\n<p>\u00bfPara qu\u00e9 sirve el carrito de compras?<\/p>\n<p>Mercado Libre ofrece cargar el producto antes de la compra en el Carrito de Compras y luego seleccionar \u201cOtros productos del vendedor\u201d para ir sumando art\u00edculos al mismo carrito. Eso te permitir\u00e1 obtener env\u00edo gratis al pasar el umbral de compra para env\u00edos gratis y que en general recibas todo en una misma entrega, seg\u00fan las particularidades log\u00edsticas de Mercado Libre, de acuerdo con el peso y volumen del bulto resultante. Antes de comprar y seg\u00fan el mix de productos del carrito, Mercado Libre te informar\u00e1 si el env\u00edo es gratis o si deber\u00e1s pagarlo y su monto.<\/p>\n<p>\u00bfQu\u00e9 formas de pago ofrecen?<br \/>Ofrecemos todas las formas de pago que se muestran en la publicaci\u00f3n, que ofrece Mercado Libre a trav\u00e9s de Mercado Pago y que podr\u00e1s visualizar antes de la compra.<br \/>\u00bfQu\u00e9 horarios tiene el centro de atenci\u00f3n al cliente?<br \/>Luego de tu compra y ante cualquier consulta pod\u00e9s comunicarte de Lunes a viernes de 09:00 hs a 17:00hs utilizando los datos del embalaje del producto.<br \/>\u00bfEmiten factura tipo A?<br \/>Si. Como utilizamos un sistema de facturaci\u00f3n autom\u00e1tico que se rige por los datos de facturaci\u00f3n cargados en tu cuenta, inicialmente te adjuntaremos la factura con los datos de la cuenta.<br \/>Una vez recibida esa factura (A o B, seg\u00fan corresponda, de acuerdo con los datos de facturaci\u00f3n de tu cuenta), si necesit\u00e1s otra factura A o B a nombre tuyo o de un tercero, te pedimos que nos escribas por la mensajer\u00eda de postventa solicitando el cambio e indicando los nuevos datos. No tendremos inconveniente alguno en realizarlo, siempre y cuando se pida el cambio, dentro de los 5 d\u00edas corridos de la emisi\u00f3n de la factura autom\u00e1tica, que deberemos cancelar para dar lugar a la emisi\u00f3n de la nueva factura solicitada.<br \/>\u00bfTienen stock?<br \/>S\u00ed, Todas nuestras publicaciones informan el stock actualizado. Si la publicaci\u00f3n est\u00e1 activa es debido a que tenemos stock, seg\u00fan la cantidad que se informa en la publicaci\u00f3n como cantidad disponible<\/p>\n","protected":false},"excerpt":{"rendered":"<p>Pincel Condor Serie 411 N\u00ba 14 Redondo Toray En algunas fotos, a modo de ambientaci\u00f3n, se muestran junto al producto ofrecido, otros objetos que no son parte de la provisi\u00f3n<\/p>\n","protected":false},"featured_media":769805,"comment_status":"open","ping_status":"closed","template":"","meta":{"jetpack_publicize_message":"","jetpack_publicize_feature_enabled":true,"jetpack_social_post_already_shared":true,"jetpack_social_options":{"image_generator_settings":{"template":"highway","default_image_id":0,"font":"","enabled":false},"version":2}},"product_brand":[7147],"product_cat":[1703,1705,1704,1741],"product_tag":[],"class_list":{"0":"post-658651","1":"product","2":"type-product","3":"status-publish","6":"product_brand-condor","7":"product_cat-arte-libreria-y-merceria","8":"product_cat-artistica-y-pintura","9":"product_cat-libreria","10":"product_cat-pinceles","12":"first","13":"instock","14":"taxable","15":"shipping-taxable","16":"purchasable","17":"product-type-simple"},"jetpack_publicize_connections":[],"_links":{"self":[{"href":"https:\/\/tu-libreria.com\/wpg\/index.php?rest_route=\/wp\/v2\/product\/658651","targetHints":{"allow":["GET"]}}],"collection":[{"href":"https:\/\/tu-libreria.com\/wpg\/index.php?rest_route=\/wp\/v2\/product"}],"about":[{"href":"https:\/\/tu-libreria.com\/wpg\/index.php?rest_route=\/wp\/v2\/types\/product"}],"replies":[{"embeddable":true,"href":"https:\/\/tu-libreria.com\/wpg\/index.php?rest_route=%2Fwp%2Fv2%2Fcomments&post=658651"}],"version-history":[{"count":5,"href":"https:\/\/tu-libreria.com\/wpg\/index.php?rest_route=\/wp\/v2\/product\/658651\/revisions"}],"predecessor-version":[{"id":712925,"href":"https:\/\/tu-libreria.com\/wpg\/index.php?rest_route=\/wp\/v2\/product\/658651\/revisions\/712925"}],"wp:featuredmedia":[{"embeddable":true,"href":"https:\/\/tu-libreria.com\/wpg\/index.php?rest_route=\/wp\/v2\/media\/769805"}],"wp:attachment":[{"href":"https:\/\/tu-libreria.com\/wpg\/index.php?rest_route=%2Fwp%2Fv2%2Fmedia&parent=658651"}],"wp:term":[{"taxonomy":"product_brand","embeddable":true,"href":"https:\/\/tu-libreria.com\/wpg\/index.php?rest_route=%2Fwp%2Fv2%2Fproduct_brand&post=658651"},{"taxonomy":"product_cat","embeddable":true,"href":"https:\/\/tu-libreria.com\/wpg\/index.php?rest_route=%2Fwp%2Fv2%2Fproduct_cat&post=658651"},{"taxonomy":"product_tag","embeddable":true,"href":"https:\/\/tu-libreria.com\/wpg\/index.php?rest_route=%2Fwp%2Fv2%2Fproduct_tag&post=658651"}],"curies":[{"name":"wp","href":"https:\/\/api.w.org\/{rel}","templated":true}]}}