{"id":677117,"date":"2024-03-22T20:27:49","date_gmt":"2024-03-22T23:27:49","guid":{"rendered":"https:\/\/tu-libreria.com\/wpg\/?product=lapicera-pluma-estilografica-lamy-aion-tinta-azul-exterior-azul"},"modified":"2026-04-16T06:00:28","modified_gmt":"2026-04-16T09:00:28","slug":"lapicera-pluma-estilografica-lamy-aion-tinta-azul-exterior-azul","status":"publish","type":"product","link":"https:\/\/tu-libreria.com\/wpg\/?product=lapicera-pluma-estilografica-lamy-aion-tinta-azul-exterior-azul","title":{"rendered":"Lapicera Pluma Estilografica Lamy Aion Tinta Azul Exterior Azul"},"content":{"rendered":"<p>Lapicera Pluma Estilografica Lamy Aion Tinta Azul Exterior Azul<\/p>\n<p>Caracter\u00edsticas del producto: Pluma Estilografica<br \/>Es apta para grabado: Si<br \/>Incluye estuche: Si<br \/>Marca: Lamy<br \/>Modelo: Aion<br \/>MPN: 224600<br \/>Tipo de lapicera: Pluma<br \/>Tipo de trazo: Medio<\/p>\n<p>Estilogr\u00e1fica LAMY aion.<br \/>Cuerpo anodizado sedoso mate de aluminio de embutici\u00f3n profunda de una sola pieza \/ superficie cepillada rotativamente, empu\u00f1adura granallada \/ clip de acero inoxidable con amortiguaci\u00f3n, de dise\u00f1o macizo y con el logotipo estampado en el lateral. Las piezas de la carcasa, por primera vez de una pieza de aluminio de embutici\u00f3n profunda, aportan a la serie un aspecto exclusivo y armonioso. Las superficies cepilladas y granalladas generan una tensi\u00f3n formal que queda embellecida con una elegante capa an\u00f3dica brillante mate sedosa. El clip pulido de gran brillo y de aspecto macizo corona a la perfecci\u00f3n el concepto global. Con el cartucho de tinta LAMY T10 azul. Se puede utilizar convertidor LAMY Z27.<br \/>Viene con plum\u00edn acero trazo M con dise\u00f1o \u00fanico.<\/p>\n<p>EDICIONES ESPECIALES: Colores Darkblue(azul), Red (rojo)<\/p>\n","protected":false},"excerpt":{"rendered":"<p>Lapicera Pluma Estilografica Lamy Aion Tinta Azul Exterior Azul Caracter\u00edsticas del producto: Pluma EstilograficaEs apta para grabado: SiIncluye estuche: SiMarca: LamyModelo: AionMPN: 224600Tipo de lapicera: PlumaTipo de trazo: Medio Estilogr\u00e1fica<\/p>\n","protected":false},"featured_media":773152,"comment_status":"open","ping_status":"closed","template":"","meta":{"jetpack_publicize_message":"","jetpack_publicize_feature_enabled":true,"jetpack_social_post_already_shared":true,"jetpack_social_options":{"image_generator_settings":{"template":"highway","default_image_id":0,"font":"","enabled":false},"version":2}},"product_brand":[7100],"product_cat":[1703,1711,1721,1704,1712],"product_tag":[],"class_list":{"0":"post-677117","1":"product","2":"type-product","3":"status-publish","6":"product_brand-lamy","7":"product_cat-arte-libreria-y-merceria","8":"product_cat-escolar","9":"product_cat-lapiceras","10":"product_cat-libreria","11":"product_cat-utiles-escolares","13":"first","14":"instock","15":"taxable","16":"shipping-taxable","17":"purchasable","18":"product-type-simple"},"jetpack_publicize_connections":[],"_links":{"self":[{"href":"https:\/\/tu-libreria.com\/wpg\/index.php?rest_route=\/wp\/v2\/product\/677117","targetHints":{"allow":["GET"]}}],"collection":[{"href":"https:\/\/tu-libreria.com\/wpg\/index.php?rest_route=\/wp\/v2\/product"}],"about":[{"href":"https:\/\/tu-libreria.com\/wpg\/index.php?rest_route=\/wp\/v2\/types\/product"}],"replies":[{"embeddable":true,"href":"https:\/\/tu-libreria.com\/wpg\/index.php?rest_route=%2Fwp%2Fv2%2Fcomments&post=677117"}],"version-history":[{"count":1,"href":"https:\/\/tu-libreria.com\/wpg\/index.php?rest_route=\/wp\/v2\/product\/677117\/revisions"}],"predecessor-version":[{"id":677122,"href":"https:\/\/tu-libreria.com\/wpg\/index.php?rest_route=\/wp\/v2\/product\/677117\/revisions\/677122"}],"wp:featuredmedia":[{"embeddable":true,"href":"https:\/\/tu-libreria.com\/wpg\/index.php?rest_route=\/wp\/v2\/media\/773152"}],"wp:attachment":[{"href":"https:\/\/tu-libreria.com\/wpg\/index.php?rest_route=%2Fwp%2Fv2%2Fmedia&parent=677117"}],"wp:term":[{"taxonomy":"product_brand","embeddable":true,"href":"https:\/\/tu-libreria.com\/wpg\/index.php?rest_route=%2Fwp%2Fv2%2Fproduct_brand&post=677117"},{"taxonomy":"product_cat","embeddable":true,"href":"https:\/\/tu-libreria.com\/wpg\/index.php?rest_route=%2Fwp%2Fv2%2Fproduct_cat&post=677117"},{"taxonomy":"product_tag","embeddable":true,"href":"https:\/\/tu-libreria.com\/wpg\/index.php?rest_route=%2Fwp%2Fv2%2Fproduct_tag&post=677117"}],"curies":[{"name":"wp","href":"https:\/\/api.w.org\/{rel}","templated":true}]}}